{"id":16655,"date":"2023-11-10T15:53:23","date_gmt":"2023-11-10T15:53:23","guid":{"rendered":"https:\/\/topindustriesinc.com\/?page_id=16655"},"modified":"2025-01-22T09:18:33","modified_gmt":"2025-01-22T09:18:33","slug":"maquinas-de-extraccion-de-separadores-de-congelador","status":"publish","type":"page","link":"https:\/\/topindustriesinc.com\/es\/maquinas-de-extraccion-de-separadores-de-congelador\/","title":{"rendered":"M\u00e1quinas de extracci\u00f3n de separadores de congelador"},"content":{"rendered":"\n\n  <div class=\"banner has-hover hide-for-medium\" id=\"banner-1538353269\">\n          <div class=\"banner-inner fill\">\n        <div class=\"banner-bg fill\" >\n            <img decoding=\"async\" width=\"1020\" height=\"632\" src=\"https:\/\/topindustriesinc.com\/wp-content\/uploads\/2022\/04\/New-L-shape-Silver-1291x800.jpg\" class=\"bg attachment-large size-large\" alt=\"\" \/>                        <div class=\"overlay\"><\/div>            \n                    <\/div>\n\t\t\n        <div class=\"banner-layers container\">\n            <div class=\"fill banner-link\"><\/div>            \n\n   <div id=\"text-box-1406767451\" class=\"text-box banner-layer x5 md-x5 lg-x5 y10 md-y10 lg-y10 res-text\">\n                                <div class=\"text-box-content text dark\">\n              \n              <div class=\"text-inner text-center\">\n                  \n\n\t<div id=\"text-84374628\" class=\"text\">\n\t\t\n\n<h1 style=\"text-align: center;\"><strong>Espaciadores de congelador<\/strong><\/h1>\n<h1 style=\"text-align: center;\"><strong>M\u00e1quina de inserci\u00f3n y extracci\u00f3n<\/strong><\/h1>\n\t\t\n<style>\n#text-84374628 {\n  font-size: 0.75rem;\n  text-align: left;\n}\n<\/style>\n\t<\/div>\n\t\n\n              <\/div>\n           <\/div>\n                            \n<style>\n#text-box-1406767451 {\n  margin: 0px 0px 0px -200px;\n  width: 63%;\n}\n#text-box-1406767451 .text-box-content {\n  font-size: 100%;\n}\n<\/style>\n    <\/div>\n \n   <div id=\"text-box-800840238\" class=\"text-box banner-layer x5 md-x5 lg-x5 y90 md-y90 lg-y90 res-text\">\n                                <div class=\"text-box-content text dark\">\n              \n              <div class=\"text-inner text-center\">\n                  \n\n<div class=\"video video-fit mb\" style=\"padding-top:56.25%;\"><iframe title=\"Freezer Spacers Removal &amp; Insertion System - L-Shape Splitter\" width=\"1020\" height=\"574\" src=\"https:\/\/www.youtube.com\/embed\/1ITxIz_W_cA?feature=oembed\" frameborder=\"0\" allow=\"accelerometer; autoplay; clipboard-write; encrypted-media; gyroscope; picture-in-picture; web-share\" referrerpolicy=\"strict-origin-when-cross-origin\" allowfullscreen><\/iframe><\/div>\n\n\n              <\/div>\n           <\/div>\n                            \n<style>\n#text-box-800840238 {\n  margin: 0px 0px 0px -200px;\n  width: 61%;\n}\n#text-box-800840238 .text-box-content {\n  font-size: 100%;\n}\n<\/style>\n    <\/div>\n \n   <div id=\"text-box-1302830584\" class=\"text-box banner-layer x0 md-x0 lg-x0 y100 md-y100 lg-y100 res-text\">\n                                <div class=\"text-box-content text dark\">\n              \n              <div class=\"text-inner text-center\">\n                  \n\n\t<div id=\"gap-918833542\" class=\"gap-element clearfix\" style=\"display:block; height:auto;\">\n\t\t\n<style>\n#gap-918833542 {\n  padding-top: 30px;\n}\n<\/style>\n\t<\/div>\n\t\n\n\n              <\/div>\n           <\/div>\n                            \n<style>\n#text-box-1302830584 {\n  margin: 0px 0px 0px -200px;\n  width: 67%;\n}\n#text-box-1302830584 .text-box-content {\n  font-size: 100%;\n}\n<\/style>\n    <\/div>\n \n   <div id=\"text-box-841790264\" class=\"text-box banner-layer x100 md-x100 lg-x100 y0 md-y0 lg-y0 res-text\">\n                                <div class=\"text-box-content text \">\n              \n              <div class=\"text-inner text-center\">\n                  \n\n\n\n\n\n\n              <\/div>\n           <\/div>\n                            \n<style>\n#text-box-841790264 {\n  margin: 0px -61px 0px 0px;\n  width: 41%;\n}\n#text-box-841790264 .text-box-content {\n  font-size: 76%;\n}\n<\/style>\n    <\/div>\n \n\n        <\/div>\n      <\/div>\n\n            \n<style>\n#banner-1538353269 {\n  padding-top: 711px;\n  background-color: rgb(230, 252, 205);\n}\n#banner-1538353269 .overlay {\n  background-color: rgba(0,0,0,.5);\n}\n#banner-1538353269 .banner-bg img {\n  object-position: 4% 20%;\n}\n<\/style>\n  <\/div>\n\n\n\t<div id=\"gap-1638883421\" class=\"gap-element clearfix\" style=\"display:block; height:auto;\">\n\t\t\n<style>\n#gap-1638883421 {\n  padding-top: 30px;\n}\n<\/style>\n\t<\/div>\n\t\n\n\t<div id=\"text-1093828111\" class=\"text\">\n\t\t\n\n<h2 style=\"text-align: center;\"><strong>Consigue los precios de la versi\u00f3n m\u00f3vil y de la versi\u00f3n aut\u00f3noma<\/strong><\/h2>\n\t\t\n<style>\n#text-1093828111 {\n  font-size: 1.5rem;\n}\n<\/style>\n\t<\/div>\n\t\n<div class=\"video video-fit mb show-for-small\" style=\"padding-top:56.25%;\"><p><iframe title=\"Freezer Spacers Removal &amp; Insertion System - L-Shape Splitter\" width=\"1020\" height=\"574\" src=\"https:\/\/www.youtube.com\/embed\/1ITxIz_W_cA?feature=oembed\" frameborder=\"0\" allow=\"accelerometer; autoplay; clipboard-write; encrypted-media; gyroscope; picture-in-picture; web-share\" referrerpolicy=\"strict-origin-when-cross-origin\" allowfullscreen><\/iframe><\/p>\n<\/div>\n\n<div class=\"row\"  id=\"row-1854334537\">\n\n\n\t<div id=\"col-1310722628\" class=\"col medium-6 small-6 large-6\"  >\n\t\t\t\t<div class=\"col-inner text-center\"  >\n\t\t\t\n\t\t\t\n\n\t<div class=\"img has-hover x md-x lg-x y md-y lg-y\" id=\"image_1117479719\">\n\t\t<a class=\"\" href=\"\/es\/volteador-de-palets\/l-shape-splitter\/\" >\t\t\t\t\t\t<div class=\"img-inner dark\" >\n\t\t\t<img decoding=\"async\" width=\"683\" height=\"532\" src=\"https:\/\/topindustriesinc.com\/wp-content\/uploads\/2023\/09\/l-shape-tilter-splitter-web.png\" class=\"attachment-large size-large\" alt=\"\" srcset=\"https:\/\/topindustriesinc.com\/wp-content\/uploads\/2023\/09\/l-shape-tilter-splitter-web.png 683w, https:\/\/topindustriesinc.com\/wp-content\/uploads\/2023\/09\/l-shape-tilter-splitter-web-514x400.png 514w\" sizes=\"(max-width: 683px) 100vw, 683px\" \/>\t\t\t\t\t\t\n\t\t\t\t\t<\/div>\n\t\t\t\t\t\t<\/a>\t\t\n<style>\n#image_1117479719 {\n  width: 100%;\n}\n@media (min-width:550px) {\n  #image_1117479719 {\n    width: 70%;\n  }\n}\n<\/style>\n\t<\/div>\n\t\n\n\t<div id=\"text-1807180950\" class=\"text\">\n\t\t\n\n<p>Inserta y retira f\u00e1cilmente los separadores del congelador (tambi\u00e9n disponibles en versi\u00f3n de acero inoxidable y galvanizada)<\/p>\n\t\t\n<style>\n#text-1807180950 {\n  font-size: 0.75rem;\n}\n<\/style>\n\t<\/div>\n\t\n<a href=\"\/es\/volteador-de-palets\/l-shape-splitter\/\" class=\"button primary is-underline lowercase\" >\n\t\t<span>Versi\u00f3n estacionaria<\/span>\n\t<\/a>\n\n\n\n\t\t<\/div>\n\t\t\t\t\t<\/div>\n\n\t\n\n\t<div id=\"col-1470490950\" class=\"col medium-6 small-6 large-6\"  >\n\t\t\t\t<div class=\"col-inner text-center\"  >\n\t\t\t\n\t\t\t\n\n\t<div class=\"img has-hover x md-x lg-x y md-y lg-y\" id=\"image_1555451867\">\n\t\t<a class=\"\" href=\"\/es\/volteador-de-palets\/turner-3300\/\" >\t\t\t\t\t\t<div class=\"img-inner dark\" >\n\t\t\t<img decoding=\"async\" width=\"500\" height=\"400\" src=\"https:\/\/topindustriesinc.com\/wp-content\/uploads\/2023\/10\/freezer-spacers-remover-maxi-toppy-scontornato.jpg\" class=\"attachment-large size-large\" alt=\"\" \/>\t\t\t\t\t\t\n\t\t\t\t\t<\/div>\n\t\t\t\t\t\t<\/a>\t\t\n<style>\n#image_1555451867 {\n  width: 100%;\n}\n@media (min-width:550px) {\n  #image_1555451867 {\n    width: 70%;\n  }\n}\n<\/style>\n\t<\/div>\n\t\n\n\t<div id=\"text-1176385284\" class=\"text\">\n\t\t\n\n<p>Dispositivo m\u00f3vil que ayuda al operario a retirar los separadores del congelador.  <\/p>\n\t\t\n<style>\n#text-1176385284 {\n  font-size: 0.75rem;\n}\n<\/style>\n\t<\/div>\n\t\n<a href=\"\/es\/volteador-de-palets\/turner-3300\/\" class=\"button primary is-underline lowercase\" >\n\t\t<span>Versi\u00f3n m\u00f3vil<\/span>\n\t<\/a>\n\n\n\n\t\t<\/div>\n\t\t\t\t\t<\/div>\n\n\t\n\n<\/div>\n\t<div id=\"gap-144703864\" class=\"gap-element clearfix hide-for-medium\" style=\"display:block; height:auto;\">\n\t\t\n<style>\n#gap-144703864 {\n  padding-top: 71px;\n}\n<\/style>\n\t<\/div>\n\t\n\n\n","protected":false},"excerpt":{"rendered":"","protected":false},"author":1,"featured_media":13466,"parent":0,"menu_order":0,"comment_status":"closed","ping_status":"closed","template":"page-blank.php","meta":{"_acf_changed":false,"footnotes":""},"class_list":["post-16655","page","type-page","status-publish","has-post-thumbnail","hentry"],"acf":[],"yoast_head":"<!-- This site is optimized with the Yoast SEO Premium plugin v27.3 (Yoast SEO v27.3) - https:\/\/yoast.com\/product\/yoast-seo-premium-wordpress\/ -->\n<title>M\u00e1quinas de extracci\u00f3n de separadores de congelador<\/title>\n<meta name=\"description\" content=\"Optimiza tu proceso de inserci\u00f3n y extracci\u00f3n de espaciadores de congelador con nuestras m\u00e1quinas de \u00faltima generaci\u00f3n. Reduce los costes de mano de obra y mejora el flujo de trabajo sin esfuerzo.\" \/>\n<meta name=\"robots\" content=\"index, follow, max-snippet:-1, max-image-preview:large, max-video-preview:-1\" \/>\n<link rel=\"canonical\" href=\"https:\/\/topindustriesinc.com\/es\/maquinas-de-extraccion-de-separadores-de-congelador\/\" \/>\n<meta property=\"og:locale\" content=\"es_ES\" \/>\n<meta property=\"og:type\" content=\"article\" \/>\n<meta property=\"og:title\" content=\"M\u00e1quinas de extracci\u00f3n de separadores de congelador\" \/>\n<meta property=\"og:description\" content=\"Optimiza tu proceso de inserci\u00f3n y extracci\u00f3n de espaciadores de congelador con nuestras m\u00e1quinas de \u00faltima generaci\u00f3n. Reduce los costes de mano de obra y mejora el flujo de trabajo sin esfuerzo.\" \/>\n<meta property=\"og:url\" content=\"https:\/\/topindustriesinc.com\/es\/maquinas-de-extraccion-de-separadores-de-congelador\/\" \/>\n<meta property=\"og:site_name\" content=\"Top Industries Inc | Pallet Exchanger Solutions\" \/>\n<meta property=\"article:modified_time\" content=\"2025-01-22T09:18:33+00:00\" \/>\n<meta property=\"og:image\" content=\"https:\/\/topindustriesinc.com\/wp-content\/uploads\/2025\/01\/sUITABLE-FOR-MANY-PRODUCT-TYPE-1-2.jpg\" \/>\n\t<meta property=\"og:image:width\" content=\"914\" \/>\n\t<meta property=\"og:image:height\" content=\"686\" \/>\n\t<meta property=\"og:image:type\" content=\"image\/jpeg\" \/>\n<meta name=\"twitter:card\" content=\"summary_large_image\" \/>\n<meta name=\"twitter:site\" content=\"@ToppySrl\" \/>\n<meta name=\"twitter:label1\" content=\"Tiempo de lectura\" \/>\n\t<meta name=\"twitter:data1\" content=\"1 minuto\" \/>\n<script type=\"application\/ld+json\" class=\"yoast-schema-graph\">{\"@context\":\"https:\\\/\\\/schema.org\",\"@graph\":[{\"@type\":\"WebPage\",\"@id\":\"https:\\\/\\\/topindustriesinc.com\\\/es\\\/maquinas-de-extraccion-de-separadores-de-congelador\\\/\",\"url\":\"https:\\\/\\\/topindustriesinc.com\\\/es\\\/maquinas-de-extraccion-de-separadores-de-congelador\\\/\",\"name\":\"M\u00e1quinas de extracci\u00f3n de separadores de congelador\",\"isPartOf\":{\"@id\":\"https:\\\/\\\/topindustriesinc.com\\\/es\\\/#website\"},\"primaryImageOfPage\":{\"@id\":\"https:\\\/\\\/topindustriesinc.com\\\/es\\\/maquinas-de-extraccion-de-separadores-de-congelador\\\/#primaryimage\"},\"image\":{\"@id\":\"https:\\\/\\\/topindustriesinc.com\\\/es\\\/maquinas-de-extraccion-de-separadores-de-congelador\\\/#primaryimage\"},\"thumbnailUrl\":\"https:\\\/\\\/topindustriesinc.com\\\/wp-content\\\/uploads\\\/2022\\\/10\\\/Frozen-food-warehouse-pallet-changer-freezer-spacers-insertion.jpg\",\"datePublished\":\"2023-11-10T15:53:23+00:00\",\"dateModified\":\"2025-01-22T09:18:33+00:00\",\"description\":\"Optimiza tu proceso de inserci\u00f3n y extracci\u00f3n de espaciadores de congelador con nuestras m\u00e1quinas de \u00faltima generaci\u00f3n. Reduce los costes de mano de obra y mejora el flujo de trabajo sin esfuerzo.\",\"breadcrumb\":{\"@id\":\"https:\\\/\\\/topindustriesinc.com\\\/es\\\/maquinas-de-extraccion-de-separadores-de-congelador\\\/#breadcrumb\"},\"inLanguage\":\"es\",\"potentialAction\":[{\"@type\":\"ReadAction\",\"target\":[\"https:\\\/\\\/topindustriesinc.com\\\/es\\\/maquinas-de-extraccion-de-separadores-de-congelador\\\/\"]}]},{\"@type\":\"ImageObject\",\"inLanguage\":\"es\",\"@id\":\"https:\\\/\\\/topindustriesinc.com\\\/es\\\/maquinas-de-extraccion-de-separadores-de-congelador\\\/#primaryimage\",\"url\":\"https:\\\/\\\/topindustriesinc.com\\\/wp-content\\\/uploads\\\/2022\\\/10\\\/Frozen-food-warehouse-pallet-changer-freezer-spacers-insertion.jpg\",\"contentUrl\":\"https:\\\/\\\/topindustriesinc.com\\\/wp-content\\\/uploads\\\/2022\\\/10\\\/Frozen-food-warehouse-pallet-changer-freezer-spacers-insertion.jpg\",\"width\":1000,\"height\":1000,\"caption\":\"Frozen food warehouse pallet changer\"},{\"@type\":\"BreadcrumbList\",\"@id\":\"https:\\\/\\\/topindustriesinc.com\\\/es\\\/maquinas-de-extraccion-de-separadores-de-congelador\\\/#breadcrumb\",\"itemListElement\":[{\"@type\":\"ListItem\",\"position\":1,\"name\":\"Home\",\"item\":\"https:\\\/\\\/topindustriesinc.com\\\/es\\\/\"},{\"@type\":\"ListItem\",\"position\":2,\"name\":\"M\u00e1quinas de extracci\u00f3n de separadores de congelador\"}]},{\"@type\":\"WebSite\",\"@id\":\"https:\\\/\\\/topindustriesinc.com\\\/es\\\/#website\",\"url\":\"https:\\\/\\\/topindustriesinc.com\\\/es\\\/\",\"name\":\"Top Industries Inc | Pallet Exchanger Solutions\",\"description\":\"Pallet Exchangers designed for USA\",\"publisher\":{\"@id\":\"https:\\\/\\\/topindustriesinc.com\\\/es\\\/#organization\"},\"alternateName\":\"Pallet Inverter Systems designed for USA\",\"potentialAction\":[{\"@type\":\"SearchAction\",\"target\":{\"@type\":\"EntryPoint\",\"urlTemplate\":\"https:\\\/\\\/topindustriesinc.com\\\/es\\\/?s={search_term_string}\"},\"query-input\":{\"@type\":\"PropertyValueSpecification\",\"valueRequired\":true,\"valueName\":\"search_term_string\"}}],\"inLanguage\":\"es\"},{\"@type\":\"Organization\",\"@id\":\"https:\\\/\\\/topindustriesinc.com\\\/es\\\/#organization\",\"name\":\"TOPIndustries INC.\",\"url\":\"https:\\\/\\\/topindustriesinc.com\\\/es\\\/\",\"logo\":{\"@type\":\"ImageObject\",\"inLanguage\":\"es\",\"@id\":\"https:\\\/\\\/topindustriesinc.com\\\/es\\\/#\\\/schema\\\/logo\\\/image\\\/\",\"url\":\"https:\\\/\\\/topindustriesinc.com\\\/wp-content\\\/uploads\\\/2023\\\/02\\\/Topindustries_logo-e1719302161756.png\",\"contentUrl\":\"https:\\\/\\\/topindustriesinc.com\\\/wp-content\\\/uploads\\\/2023\\\/02\\\/Topindustries_logo-e1719302161756.png\",\"width\":300,\"height\":54,\"caption\":\"TOPIndustries INC.\"},\"image\":{\"@id\":\"https:\\\/\\\/topindustriesinc.com\\\/es\\\/#\\\/schema\\\/logo\\\/image\\\/\"},\"sameAs\":[\"https:\\\/\\\/x.com\\\/ToppySrl\",\"https:\\\/\\\/www.linkedin.com\\\/company\\\/toppy-palletchanger\\\/\",\"https:\\\/\\\/www.youtube.com\\\/c\\\/TOPPYpalletchanger\"],\"email\":\"info@topindustriesinc.com\",\"telephone\":\"1-754-271-4310\"}]}<\/script>\n<!-- \/ Yoast SEO Premium plugin. -->","yoast_head_json":{"title":"M\u00e1quinas de extracci\u00f3n de separadores de congelador","description":"Optimiza tu proceso de inserci\u00f3n y extracci\u00f3n de espaciadores de congelador con nuestras m\u00e1quinas de \u00faltima generaci\u00f3n. Reduce los costes de mano de obra y mejora el flujo de trabajo sin esfuerzo.","robots":{"index":"index","follow":"follow","max-snippet":"max-snippet:-1","max-image-preview":"max-image-preview:large","max-video-preview":"max-video-preview:-1"},"canonical":"https:\/\/topindustriesinc.com\/es\/maquinas-de-extraccion-de-separadores-de-congelador\/","og_locale":"es_ES","og_type":"article","og_title":"M\u00e1quinas de extracci\u00f3n de separadores de congelador","og_description":"Optimiza tu proceso de inserci\u00f3n y extracci\u00f3n de espaciadores de congelador con nuestras m\u00e1quinas de \u00faltima generaci\u00f3n. Reduce los costes de mano de obra y mejora el flujo de trabajo sin esfuerzo.","og_url":"https:\/\/topindustriesinc.com\/es\/maquinas-de-extraccion-de-separadores-de-congelador\/","og_site_name":"Top Industries Inc | Pallet Exchanger Solutions","article_modified_time":"2025-01-22T09:18:33+00:00","og_image":[{"width":914,"height":686,"url":"https:\/\/topindustriesinc.com\/wp-content\/uploads\/2025\/01\/sUITABLE-FOR-MANY-PRODUCT-TYPE-1-2.jpg","type":"image\/jpeg"}],"twitter_card":"summary_large_image","twitter_site":"@ToppySrl","twitter_misc":{"Tiempo de lectura":"1 minuto"},"schema":{"@context":"https:\/\/schema.org","@graph":[{"@type":"WebPage","@id":"https:\/\/topindustriesinc.com\/es\/maquinas-de-extraccion-de-separadores-de-congelador\/","url":"https:\/\/topindustriesinc.com\/es\/maquinas-de-extraccion-de-separadores-de-congelador\/","name":"M\u00e1quinas de extracci\u00f3n de separadores de congelador","isPartOf":{"@id":"https:\/\/topindustriesinc.com\/es\/#website"},"primaryImageOfPage":{"@id":"https:\/\/topindustriesinc.com\/es\/maquinas-de-extraccion-de-separadores-de-congelador\/#primaryimage"},"image":{"@id":"https:\/\/topindustriesinc.com\/es\/maquinas-de-extraccion-de-separadores-de-congelador\/#primaryimage"},"thumbnailUrl":"https:\/\/topindustriesinc.com\/wp-content\/uploads\/2022\/10\/Frozen-food-warehouse-pallet-changer-freezer-spacers-insertion.jpg","datePublished":"2023-11-10T15:53:23+00:00","dateModified":"2025-01-22T09:18:33+00:00","description":"Optimiza tu proceso de inserci\u00f3n y extracci\u00f3n de espaciadores de congelador con nuestras m\u00e1quinas de \u00faltima generaci\u00f3n. Reduce los costes de mano de obra y mejora el flujo de trabajo sin esfuerzo.","breadcrumb":{"@id":"https:\/\/topindustriesinc.com\/es\/maquinas-de-extraccion-de-separadores-de-congelador\/#breadcrumb"},"inLanguage":"es","potentialAction":[{"@type":"ReadAction","target":["https:\/\/topindustriesinc.com\/es\/maquinas-de-extraccion-de-separadores-de-congelador\/"]}]},{"@type":"ImageObject","inLanguage":"es","@id":"https:\/\/topindustriesinc.com\/es\/maquinas-de-extraccion-de-separadores-de-congelador\/#primaryimage","url":"https:\/\/topindustriesinc.com\/wp-content\/uploads\/2022\/10\/Frozen-food-warehouse-pallet-changer-freezer-spacers-insertion.jpg","contentUrl":"https:\/\/topindustriesinc.com\/wp-content\/uploads\/2022\/10\/Frozen-food-warehouse-pallet-changer-freezer-spacers-insertion.jpg","width":1000,"height":1000,"caption":"Frozen food warehouse pallet changer"},{"@type":"BreadcrumbList","@id":"https:\/\/topindustriesinc.com\/es\/maquinas-de-extraccion-de-separadores-de-congelador\/#breadcrumb","itemListElement":[{"@type":"ListItem","position":1,"name":"Home","item":"https:\/\/topindustriesinc.com\/es\/"},{"@type":"ListItem","position":2,"name":"M\u00e1quinas de extracci\u00f3n de separadores de congelador"}]},{"@type":"WebSite","@id":"https:\/\/topindustriesinc.com\/es\/#website","url":"https:\/\/topindustriesinc.com\/es\/","name":"Top Industries Inc | Pallet Exchanger Solutions","description":"Pallet Exchangers designed for USA","publisher":{"@id":"https:\/\/topindustriesinc.com\/es\/#organization"},"alternateName":"Pallet Inverter Systems designed for USA","potentialAction":[{"@type":"SearchAction","target":{"@type":"EntryPoint","urlTemplate":"https:\/\/topindustriesinc.com\/es\/?s={search_term_string}"},"query-input":{"@type":"PropertyValueSpecification","valueRequired":true,"valueName":"search_term_string"}}],"inLanguage":"es"},{"@type":"Organization","@id":"https:\/\/topindustriesinc.com\/es\/#organization","name":"TOPIndustries INC.","url":"https:\/\/topindustriesinc.com\/es\/","logo":{"@type":"ImageObject","inLanguage":"es","@id":"https:\/\/topindustriesinc.com\/es\/#\/schema\/logo\/image\/","url":"https:\/\/topindustriesinc.com\/wp-content\/uploads\/2023\/02\/Topindustries_logo-e1719302161756.png","contentUrl":"https:\/\/topindustriesinc.com\/wp-content\/uploads\/2023\/02\/Topindustries_logo-e1719302161756.png","width":300,"height":54,"caption":"TOPIndustries INC."},"image":{"@id":"https:\/\/topindustriesinc.com\/es\/#\/schema\/logo\/image\/"},"sameAs":["https:\/\/x.com\/ToppySrl","https:\/\/www.linkedin.com\/company\/toppy-palletchanger\/","https:\/\/www.youtube.com\/c\/TOPPYpalletchanger"],"email":"info@topindustriesinc.com","telephone":"1-754-271-4310"}]}},"_links":{"self":[{"href":"https:\/\/topindustriesinc.com\/es\/wp-json\/wp\/v2\/pages\/16655","targetHints":{"allow":["GET"]}}],"collection":[{"href":"https:\/\/topindustriesinc.com\/es\/wp-json\/wp\/v2\/pages"}],"about":[{"href":"https:\/\/topindustriesinc.com\/es\/wp-json\/wp\/v2\/types\/page"}],"author":[{"embeddable":true,"href":"https:\/\/topindustriesinc.com\/es\/wp-json\/wp\/v2\/users\/1"}],"replies":[{"embeddable":true,"href":"https:\/\/topindustriesinc.com\/es\/wp-json\/wp\/v2\/comments?post=16655"}],"version-history":[{"count":0,"href":"https:\/\/topindustriesinc.com\/es\/wp-json\/wp\/v2\/pages\/16655\/revisions"}],"wp:featuredmedia":[{"embeddable":true,"href":"https:\/\/topindustriesinc.com\/es\/wp-json\/wp\/v2\/media\/13466"}],"wp:attachment":[{"href":"https:\/\/topindustriesinc.com\/es\/wp-json\/wp\/v2\/media?parent=16655"}],"curies":[{"name":"wp","href":"https:\/\/api.w.org\/{rel}","templated":true}]}}